{"id":8146,"date":"2025-10-27T23:41:12","date_gmt":"2025-10-27T23:41:12","guid":{"rendered":"http:\/\/fealka.com\/?post_type=product&#038;p=8146"},"modified":"2025-11-02T01:25:48","modified_gmt":"2025-11-02T01:25:48","slug":"compresor-de-nevera-1-6hp-r134-110v","status":"publish","type":"product","link":"http:\/\/fealka.com\/index.php\/product\/compresor-de-nevera-1-6hp-r134-110v\/","title":{"rendered":"Compresor De Nevera 1\/6hp R134 110v"},"content":{"rendered":"<p>***************************************************<br \/>\nCARACTER\u00cdSTICAS<br \/>\n****************************************************<br \/>\nCOMPRESOR<br \/>\n1\/6HP R-134 110V<br \/>\nMARCA SIKELAN<\/p>\n<p>****************************************************<br \/>\nHORARIO DE TRABAJO<br \/>\n****************************************************<br \/>\nDe Lunes A Viernes<br \/>\nDe 9:00am A 5:00pm<\/p>\n<p>SABADO: 9 Am a 5 pm<br \/>\nDomingo: no laboramos<br \/>\n****************************************************<br \/>\nM\u00c9TODOS DE PAGO<br \/>\n****************************************************<br \/>\n* Dep\u00f3sitos y\/o Transferencias<br \/>\n&#8211; Banco Mercantil<br \/>\n&#8211; Pago M\u00f3vil<br \/>\n* Tarjetas de D\u00e9bito y Credito<br \/>\n****************************************************<br \/>\nM\u00c9TODOS DE DESPACHO<br \/>\n****************************************************<br \/>\n* Retiro Personalmente en Tienda<br \/>\n* Env\u00edos Cobro en Destino a Nivel Nacional:<br \/>\n&#8211; MRW<br \/>\n&#8211; Domesa<br \/>\n&#8211; Tealca (dependiendo la disponibilidad del repartidor)<\/p>\n","protected":false},"excerpt":{"rendered":"<p>*************************************************** CARACTER\u00cdSTICAS **************************************************** COMPRESOR 1\/6HP R-134 110V MARCA SIKELAN **************************************************** HORARIO DE TRABAJO **************************************************** De Lunes A Viernes De 9:00am A 5:00pm SABADO: 9 Am a 5 pm Domingo: no laboramos **************************************************** M\u00c9TODOS DE PAGO **************************************************** * Dep\u00f3sitos y\/o Transferencias &#8211; Banco Mercantil &#8211; Pago M\u00f3vil * Tarjetas de D\u00e9bito y Credito **************************************************** M\u00c9TODOS DE [&hellip;]<\/p>\n","protected":false},"featured_media":8147,"template":"","meta":[],"product_brand":[],"product_cat":[209],"product_tag":[217,211,218],"class_list":{"0":"post-8146","1":"product","2":"type-product","3":"status-publish","4":"has-post-thumbnail","6":"product_cat-neveras","7":"product_tag-compresor","8":"product_tag-nevera","9":"product_tag-sikelan","10":"ts_product_brand-sikelan","12":"first","13":"instock","14":"sale","15":"shipping-taxable","16":"purchasable","17":"product-type-simple"},"aioseo_notices":[],"_links":{"self":[{"href":"http:\/\/fealka.com\/index.php\/wp-json\/wp\/v2\/product\/8146","targetHints":{"allow":["GET"]}}],"collection":[{"href":"http:\/\/fealka.com\/index.php\/wp-json\/wp\/v2\/product"}],"about":[{"href":"http:\/\/fealka.com\/index.php\/wp-json\/wp\/v2\/types\/product"}],"wp:featuredmedia":[{"embeddable":true,"href":"http:\/\/fealka.com\/index.php\/wp-json\/wp\/v2\/media\/8147"}],"wp:attachment":[{"href":"http:\/\/fealka.com\/index.php\/wp-json\/wp\/v2\/media?parent=8146"}],"wp:term":[{"taxonomy":"product_brand","embeddable":true,"href":"http:\/\/fealka.com\/index.php\/wp-json\/wp\/v2\/product_brand?post=8146"},{"taxonomy":"product_cat","embeddable":true,"href":"http:\/\/fealka.com\/index.php\/wp-json\/wp\/v2\/product_cat?post=8146"},{"taxonomy":"product_tag","embeddable":true,"href":"http:\/\/fealka.com\/index.php\/wp-json\/wp\/v2\/product_tag?post=8146"}],"curies":[{"name":"wp","href":"https:\/\/api.w.org\/{rel}","templated":true}]}}